{"id":3,"date":"2024-06-20T02:31:34","date_gmt":"2024-06-20T02:31:34","guid":{"rendered":"https:\/\/demo.casethemes.net\/solarva\/?page_id=3"},"modified":"2025-11-18T10:51:11","modified_gmt":"2025-11-18T09:51:11","slug":"privacy-policy","status":"publish","type":"page","link":"https:\/\/svilnoienergia.weclo.it\/noiefficientiamo\/privacy-policy\/","title":{"rendered":"Privacy Policy"},"content":{"rendered":"\t\t<div data-elementor-type=\"wp-page\" data-elementor-id=\"3\" class=\"elementor elementor-3\">\n\t\t\t\t<div class=\"elementor-element elementor-element-1ded3b8c e-flex e-con-boxed e-con e-parent \" data-id=\"1ded3b8c\" data-element_type=\"container\">\t\t\t<div class=\"e-con-inner\">\r\n\t\t\t\t<div class=\"elementor-element elementor-element-31ec3c5c elementor-widget elementor-widget-text-editor\" data-id=\"31ec3c5c\" data-element_type=\"widget\" data-widget_type=\"text-editor.default\">\n\t\t\t\t\t\t\t\t\t<p>Gentile Utente,<\/p>\n<p>ai sensi della normativa contenuta nel Reg. UE 679\/2016 (GDPR), nel D.lgs. 196\/2003 (Codice Privacy) e s.m.i. e nei Provvedimenti del Garante per la Protezione dei Dati Personali (GPDP), in qualit\u00e0 di Interessato dalla normativa privacy, di seguito forniamo le Informazioni relative al trattamento e alla protezione dei dati personali.<\/p>\n<p>Le presenti informazioni sono rese in conformit\u00e0 alla normativa in materia di trattamento e protezione dei dati personali e il trattamento sar\u00e0 improntato ai principi di correttezza, liceit\u00e0, trasparenza e tutela della riservatezza.<\/p>\n<p>Attuando la procedura di inserimento dei dati sul form\/pannello di contatto per le richieste di informazioni ovvero di iscrizione a servizi o prodotti dedicati, gli Utenti\/Interessati\/Clienti comunicano volontariamente i propri dati personali sul sito a NOIEFFICIENTIAMO SRL.<\/p>\n<p>\u00a0<\/p>\n<p><strong>1. IDENTIT\u00c0 E DATI DI CONTATTO DEL TITOLARE DEL TRATTAMENTO<\/strong><\/p>\n<p>Il Titolare del trattamento \u00e8 NOIEFFICIENTIAMO SRL, P.IVA 08469760725, con sede legale in Via Don Minzoni, 8 \u2013 70056 Molfetta (BA), tel. <a href=\"tel:+393801799863\">3801799863<\/a>, e-mail <a href=\"mailto:privacy@noienergia.com\">privacy@noienergia.com<\/a>, di seguito \u201cTitolare del trattamento\u201d o \u201cTitolare\u201d o \u201cENERGETIC\u201d.<\/p>\n<p>Il responsabile della protezione dei dati DPO \u00e8 il Sig. Carmine Marchione raggiungibile all\u2019indirizzo di posta elettronica <a href=\"mailto:dpo@datacentersecurity.it\">dpo@datacentersecurity.it.<\/a><\/p>\n<p>\u00a0<\/p>\n<p><strong>2. FINALIT\u00c0 E BASI GIURIDICHE DEL TRATTAMENTO DEI DATI PERSONALI<\/strong><\/p>\n<p>I dati personali degli utenti che navigano sul sito <a href=\"https:\/\/energiapop.it\" target=\"_blank\" rel=\"noreferrer noopener\">energiapop.it<\/a> sono utilizzati per precise finalit\u00e0 del trattamento (la finalit\u00e0 \u00e8 l\u2019obiettivo per il quale i dati personali vengono trattati) e ai sensi del Regolamento UE 679\/2016; il trattamento effettuato deve sempre avere una base giuridica, come di seguito descritto:<\/p>\n<ul>\n<li>FRUIZIONE DEI SERVIZI SUL SITO\n<ul class=\"wp-block-list\">\n<li>FINALIT\u00c0: la corretta e completa esecuzione dell\u2019incarico affidato:\n<ul class=\"wp-block-list\">\n<li>l\u2019agevole navigazione delle pagine del sito;<\/li>\n\n<li>la fruizione dei servizi e\/o prodotti sul sito;<\/li>\n\n<li>la risposta ai messaggi;<\/li>\n\n<li>la corretta gestione degli adempimenti imposti dalle normative vigenti;<\/li>\n<\/ul>\n<\/li>\n\n<li>BASE GIURIDICA: il trattamento \u00e8 necessario all\u2019esecuzione di misure precontrattuali od obblighi contrattuali; la comunicazione dei dati \u00e8 obbligatoria per l\u2019instaurazione del rapporto e l\u2019erogazione del servizio.<\/li>\n<\/ul>\n<\/li>\n<\/ul>\n<!-- \/wp:list-item --><!-- wp:list-item -->\n<ul>\n<li>ATTIVIT\u00c0 DI INFORMAZIONE LEGATE AI PRODOTTI E AI SERVIZI<!-- wp:list -->\n<ul class=\"wp-block-list\"><!-- wp:list-item -->\n<li>FINALIT\u00c0: ricevere via e-mail, in maniera sporadica, anche attraverso la newsletter, le informazioni e le comunicazioni legate ai prodotti venduti e ai servizi erogati.<\/li>\n<!-- \/wp:list-item --><!-- wp:list-item -->\n<li>BASE GIURIDICA: il trattamento \u00e8 basato sul legittimo interesse del Titolare del trattamento, bilanciato rispetto agli interessi o i diritti e le libert\u00e0 fondamentali dell\u2019interessato. L\u2019utente, al momento della raccolta e in occasione dell\u2019invio di ogni comunicazione effettuata per le finalit\u00e0 di cui al presente comma, \u00e8 informato della possibilit\u00e0 di opporsi in ogni momento al trattamento, in maniera semplice e agevole.<\/li>\n<!-- \/wp:list-item --><\/ul>\n<!-- \/wp:list --><\/li>\n<\/ul>\n<!-- \/wp:list-item --><!-- \/wp:list -->\n<p>\u00a0<\/p>\n<p><strong>3. COMUNICAZIONE E DESTINATARI DEI DATI PERSONALI<\/strong><\/p>\n<!-- \/wp:paragraph --><!-- wp:paragraph -->\n<p>La comunicazione dei dati \u00e8 un obbligo contrattuale e, quale requisito del contratto, \u00e8 necessaria per la sua conclusione e per la conseguente erogazione dei servizi richiesti, quindi, il mancato, parziale o inesatto conferimento dei dati non permetter\u00e0 l\u2019instaurazione del rapporto contrattuale, con la conseguente impossibilit\u00e0 di fornire il servizio.<\/p>\n<!-- \/wp:paragraph --><!-- wp:paragraph -->\n<p>I Dati non saranno diffusi, ma potranno essere comunicati a soggetti terzi esclusivamente per i fini inerenti il mandato professionale conferito e che svolgono per conto del Titolare compiti di natura tecnica od organizzativa, funzionali per la fornitura dei servizi richiesti.<\/p>\n<!-- \/wp:paragraph --><!-- wp:paragraph -->\n<p>I soggetti che trattano i dati per conto del Titolare sono stati autorizzati Responsabili esterni del trattamento dei dati ai sensi dell\u2019art. 28 del Reg. UE 679\/2016, attraverso un atto scritto.<\/p>\n<p>\u00a0<\/p>\n<!-- \/wp:paragraph --><!-- wp:paragraph -->\n<p><strong>4. PERIODO DI CONSERVAZIONE DEI DATI E CRITERI UTILIZZATI PER LA SUA DETERMINAZIONE<\/strong><\/p>\n<!-- \/wp:paragraph --><!-- wp:paragraph -->\n<p>I dati personali degli utenti saranno conservati in conformit\u00e0 alla normativa vigente in materia, per un periodo di tempo non superiore a quello necessario agli scopi per i quali sono stati raccolti e trattati. Nel rispetto dei principi di proporzionalit\u00e0, minimizzazione e necessit\u00e0, i dati personali saranno conservati in una forma che consenta l\u2019identificazione degli interessati per un arco di tempo non superiore al conseguimento delle finalit\u00e0 per le quali gli stessi sono trattati, ossia tenendo in considerazione: la necessit\u00e0 di continuare a conservare i dati personali raccolti per offrire i servizi concordati con l\u2019Interessato o per tutelare l\u2019interesse legittimo del Titolare, cos\u00ec come descritto nelle finalit\u00e0 sopraindicate e l\u2019esistenza di specifici obblighi normativi o contrattuali che rendono necessario il trattamento e la conservazione dei dati per determinati periodi di tempo.<\/p>\n<p>\u00a0<\/p>\n<!-- \/wp:paragraph --><!-- wp:paragraph -->\n<p><strong>5. DIRITTI DELL\u2019INTERESSATO E DIRITTO DI PROPORRE RECLAMO ALL\u2019AUTORIT\u00c0 DI CONTROLLO<\/strong><\/p>\n<!-- \/wp:paragraph --><!-- wp:paragraph -->\n<p>L\u2019Interessato potr\u00e0, in qualsiasi momento, inviando una comunicazione al Titolare del trattamento ai riferimenti sopra elencati, esercitare il diritto:<\/p>\n<!-- \/wp:paragraph --><!-- wp:list -->\n<ul class=\"wp-block-list\"><!-- wp:list-item -->\n<li>alla revoca del consenso;<\/li>\n<!-- \/wp:list-item --><!-- wp:list-item -->\n<li>all\u2019accesso ai dati personali;<\/li>\n<!-- \/wp:list-item --><!-- wp:list-item -->\n<li>alla rettifica dei dati personali;<\/li>\n<!-- \/wp:list-item --><!-- wp:list-item -->\n<li>alla cancellazione (c.d. diritto all\u2019oblio) dei dati personali;<\/li>\n<!-- \/wp:list-item --><!-- wp:list-item -->\n<li>alla limitazione del trattamento dei dati personali;<\/li>\n<!-- \/wp:list-item --><!-- wp:list-item -->\n<li>all\u2019opposizione al trattamento dei dati personali;<\/li>\n<!-- \/wp:list-item --><!-- wp:list-item -->\n<li>alla portabilit\u00e0 dei dati personali;<\/li>\n<!-- \/wp:list-item --><!-- wp:list-item -->\n<li>alla proposizione del reclamo al Garante per la Protezione dei Dati Personali e\/o ad altra Autorit\u00e0 Garante, qualora ritenga che i diritti siano stati violati dal Titolare e\/o da un terzo.<\/li>\n<!-- \/wp:list-item --><\/ul>\n<p>\u00a0<\/p>\n<!-- \/wp:list --><!-- wp:paragraph -->\n<p><strong>6. MODALIT\u00c0 E LUOGO DEL TRATTAMENTO DEI DATI PERSONALI<\/strong><\/p>\n<!-- \/wp:paragraph --><!-- wp:paragraph -->\n<p>I dati personali sono trattati con strumenti cartacei ed elettronici, registrati e custoditi su database con specifiche misure di sicurezza finalizzate a prevenire la perdita dei dati, usi illeciti o non corretti e accessi non autorizzati.<\/p>\n<!-- \/wp:paragraph --><!-- wp:paragraph -->\n<p>I dati personali rilasciati dagli interessati potranno essere trattati presso le sedi, tramite propri incaricati, preposti alla gestione del sito e da soggetti autorizzati come Responsabili del trattamento dei dati.<\/p>\n<!-- \/wp:paragraph --><!-- wp:paragraph -->\n<p>Ove necessario, potranno essere richiesti dati aggiuntivi, necessari per l\u2019erogazione degli ulteriori servizi richiesti.<\/p>\n<!-- \/wp:paragraph --><!-- wp:paragraph -->\n<p>Il trattamento per finalit\u00e0 di \u201cinformazione sui servizi\u201d avverr\u00e0 mediante l\u2019uso di tecniche di comunicazione a distanza, quali la posta elettronica.<\/p>\n<p>\u00a0<\/p>\n<!-- \/wp:paragraph --><!-- wp:paragraph -->\n<p><strong>7. INFORMAZIONI FINALI<\/strong><\/p>\n<!-- \/wp:paragraph --><!-- wp:paragraph -->\n<p>ENERGETIC si riserva il diritto di modificare parzialmente o completamente la Politica sulla privacy o semplicemente di aggiornarne il contenuto (ad es. a seguito di cambiamenti della normativa applicabile). Il Titolare pubblicher\u00e0 eventuali aggiornamenti su questo sito web; La invitiamo, pertanto, a controllare le informazioni periodicamente al fine di conoscere i Tuoi diritti.<\/p>\n<p>\u00a0<\/p>\n<!-- \/wp:paragraph --><!-- wp:paragraph -->\n<p><strong>Contatti<\/strong><\/p>\n<!-- \/wp:paragraph --><!-- wp:paragraph -->\n<p>NOIEFFICIENTIAMO S.R.L.<br \/>VIA DON MINZONI 8, CAP 70056, MOLFETTA (BA)<br \/>P.IVA 08469760725 &#8211; REA BA-628864<br \/>Capitale Sociale 10.000,00\u20ac<br \/>PEC <a href=\"mailto:protocollo.noiefficientiamo@pec.it\">protocollo.noiefficientiamo@p<\/a><\/p>\n<!-- \/wp:paragraph -->\t\t\t\t\t\t\t\t<\/div>\n\t\t\t\t<div class=\"elementor-element elementor-element-956d188 elementor-widget elementor-widget-spacer\" data-id=\"956d188\" data-element_type=\"widget\" data-widget_type=\"spacer.default\">\n\t\t\t\t\t\t\t<div class=\"elementor-spacer\">\n\t\t\t<div class=\"elementor-spacer-inner\"><\/div>\n\t\t<\/div>\n\t\t\t\t\t\t<\/div>\n\t\t\t\t\t<\/div>\r\n\t\t\t\t<\/div>\r\n\t\t\t\t<\/div>\n\t\t","protected":false},"excerpt":{"rendered":"<p>Gentile Utente, ai sensi della normativa contenuta nel Reg. UE 679\/2016 (GDPR), nel D.lgs. 196\/2003 (Codice Privacy) e s.m.i. e nei Provvedimenti del Garante per la Protezione dei Dati Personali (GPDP), in qualit\u00e0 di Interessato dalla normativa privacy, di seguito forniamo le Informazioni relative al trattamento e alla protezione dei dati personali. Le presenti informazioni [&hellip;]<\/p>\n","protected":false},"author":1,"featured_media":0,"parent":0,"menu_order":0,"comment_status":"closed","ping_status":"open","template":"","meta":{"footnotes":""},"class_list":["post-3","page","type-page","status-publish","hentry"],"_links":{"self":[{"href":"https:\/\/svilnoienergia.weclo.it\/noiefficientiamo\/wp-json\/wp\/v2\/pages\/3","targetHints":{"allow":["GET"]}}],"collection":[{"href":"https:\/\/svilnoienergia.weclo.it\/noiefficientiamo\/wp-json\/wp\/v2\/pages"}],"about":[{"href":"https:\/\/svilnoienergia.weclo.it\/noiefficientiamo\/wp-json\/wp\/v2\/types\/page"}],"author":[{"embeddable":true,"href":"https:\/\/svilnoienergia.weclo.it\/noiefficientiamo\/wp-json\/wp\/v2\/users\/1"}],"replies":[{"embeddable":true,"href":"https:\/\/svilnoienergia.weclo.it\/noiefficientiamo\/wp-json\/wp\/v2\/comments?post=3"}],"version-history":[{"count":12,"href":"https:\/\/svilnoienergia.weclo.it\/noiefficientiamo\/wp-json\/wp\/v2\/pages\/3\/revisions"}],"predecessor-version":[{"id":13168,"href":"https:\/\/svilnoienergia.weclo.it\/noiefficientiamo\/wp-json\/wp\/v2\/pages\/3\/revisions\/13168"}],"wp:attachment":[{"href":"https:\/\/svilnoienergia.weclo.it\/noiefficientiamo\/wp-json\/wp\/v2\/media?parent=3"}],"curies":[{"name":"wp","href":"https:\/\/api.w.org\/{rel}","templated":true}]}}